{"id":12130,"date":"2024-10-29T23:19:33","date_gmt":"2024-10-29T23:19:33","guid":{"rendered":"https:\/\/nysconsulting.com.tr\/?page_id=12130"},"modified":"2024-12-17T11:23:53","modified_gmt":"2024-12-17T11:23:53","slug":"iletisim","status":"publish","type":"page","link":"https:\/\/nysconsulting.com.tr\/en\/iletisim\/","title":{"rendered":"Contact"},"content":{"rendered":"<div data-elementor-type=\"wp-page\" data-elementor-id=\"12130\" class=\"elementor elementor-12130\">\n\t\t\t\t        <section class=\"elementor-section elementor-top-section elementor-element elementor-element-4fa7a93 elementor-section-stretched elementor-section-boxed elementor-section-height-default elementor-section-height-default pxl-row-scroll-none pxl-zoom-point-false pxl-section-overflow-visible pxl-section-fix-none pxl-bg-color-none pxl-section-overlay-none\" data-id=\"4fa7a93\" data-element_type=\"section\" data-settings=\"{&quot;stretch_section&quot;:&quot;section-stretched&quot;,&quot;background_background&quot;:&quot;classic&quot;}\">\n\n                            <div class=\"elementor-background-overlay\"><\/div>\n            \n                <div class=\"elementor-container elementor-column-gap-extended\">\n                <div class=\"elementor-column elementor-col-100 elementor-top-column elementor-element elementor-element-6df4fe1 pxl-column-none pxl-column-overflow-hidden-no\" data-id=\"6df4fe1\" data-element_type=\"column\">\r\n        <div class=\"elementor-widget-wrap elementor-element-populated\">\r\n                     \r\n        \t\t<div class=\"elementor-element elementor-element-6aa2229 elementor-widget elementor-widget-pxl_heading\" data-id=\"6aa2229\" data-element_type=\"widget\" data-widget_type=\"pxl_heading.default\">\n\t\t\t\t<div class=\"elementor-widget-container\">\n\t\t\t\t\t\n<div id=\"pxl-pxl_heading-6aa2229-7675\" class=\"pxl-heading px-sub-title-default-style\">\n\t<div class=\"pxl-heading--inner\">\n\t\t\n\t\t<h3 class=\"pxl-item--title style-default ft-gt highlight-default\" data-wow-delay=\"ms\">\n\t\t\t\t\t\t\tContact\t\n\t\t\t\t\n\t\t<\/h3>\n\t\t\n\t<\/div>\n<\/div>\t\t\t\t<\/div>\n\t\t\t\t<\/div>\n\t\t\t\t<div class=\"elementor-element elementor-element-f84a1de elementor-widget-divider--view-line elementor-widget elementor-widget-divider\" data-id=\"f84a1de\" data-element_type=\"widget\" data-widget_type=\"divider.default\">\n\t\t\t\t<div class=\"elementor-widget-container\">\n\t\t\t\t\t\t\t<div class=\"elementor-divider\">\n\t\t\t<span class=\"elementor-divider-separator\">\n\t\t\t\t\t\t<\/span>\n\t\t<\/div>\n\t\t\t\t\t\t<\/div>\n\t\t\t\t<\/div>\n\t\t            <\/div>\r\n        <\/div>\r\n        \t\t\t<\/div>\n\t\t<\/section>\n\t\t        <section class=\"elementor-section elementor-top-section elementor-element elementor-element-4cb52f3 elementor-section-stretched elementor-section-boxed elementor-section-height-default elementor-section-height-default pxl-row-scroll-none pxl-zoom-point-false pxl-section-overflow-visible pxl-section-fix-none pxl-bg-color-none pxl-section-overlay-none\" data-id=\"4cb52f3\" data-element_type=\"section\" data-settings=\"{&quot;stretch_section&quot;:&quot;section-stretched&quot;}\">\n\n                \n                <div class=\"elementor-container elementor-column-gap-extended\">\n                <div class=\"elementor-column elementor-col-50 elementor-top-column elementor-element elementor-element-ea2c95c pxl-column-none pxl-column-overflow-hidden-no\" data-id=\"ea2c95c\" data-element_type=\"column\" data-settings=\"{&quot;background_background&quot;:&quot;classic&quot;}\">\r\n        <div class=\"elementor-widget-wrap elementor-element-populated\">\r\n                     \r\n        \t\t<div class=\"elementor-element elementor-element-5c74a05 elementor-widget elementor-widget-pxl_heading\" data-id=\"5c74a05\" data-element_type=\"widget\" data-widget_type=\"pxl_heading.default\">\n\t\t\t\t<div class=\"elementor-widget-container\">\n\t\t\t\t\t\n<div id=\"pxl-pxl_heading-5c74a05-7795\" class=\"pxl-heading px-sub-title-default-style\">\n\t<div class=\"pxl-heading--inner\">\n\t\t\n\t\t<h3 class=\"pxl-item--title style-default ft-gt highlight-default pxl-split-text split-in-fade\" data-wow-delay=\"ms\">\n\t\t\t\t\t\t\tContact Us\t\n\t\t\t\t\n\t\t<\/h3>\n\t\t\n\t<\/div>\n<\/div>\t\t\t\t<\/div>\n\t\t\t\t<\/div>\n\t\t\t\t<div class=\"elementor-element elementor-element-a26e1a0 elementor-widget elementor-widget-pxl_text_editor\" data-id=\"a26e1a0\" data-element_type=\"widget\" data-widget_type=\"pxl_text_editor.default\">\n\t\t\t\t<div class=\"elementor-widget-container\">\n\t\t\t\t\t<div class=\"pxl-text-editor\">\n\t<div class=\"pxl-item--inner\" data-wow-delay=\"ms\">\n\t\t\t\t\n\t<\/div>\n<\/div>\t\t\t\t<\/div>\n\t\t\t\t<\/div>\n\t\t        <section class=\"elementor-section elementor-inner-section elementor-element elementor-element-bf4065e elementor-section-boxed elementor-section-height-default elementor-section-height-default pxl-row-scroll-none pxl-zoom-point-false pxl-section-overflow-visible pxl-section-fix-none pxl-bg-color-none pxl-section-overlay-none\" data-id=\"bf4065e\" data-element_type=\"section\">\n\n                \n                <div class=\"elementor-container elementor-column-gap-default\">\n                <div class=\"elementor-column elementor-col-50 elementor-inner-column elementor-element elementor-element-1e7f07f pxl-column-none pxl-column-overflow-hidden-no\" data-id=\"1e7f07f\" data-element_type=\"column\">\r\n        <div class=\"elementor-widget-wrap elementor-element-populated\">\r\n                     \r\n        \t\t<div class=\"elementor-element elementor-element-7c6200e elementor-widget elementor-widget-pxl_icon_box\" data-id=\"7c6200e\" data-element_type=\"widget\" data-widget_type=\"pxl_icon_box.default\">\n\t\t\t\t<div class=\"elementor-widget-container\">\n\t\t\t\t\t<div class=\"pxl-icon-box pxl-icon-box1 style-2 ani3\" data-wow-delay=\"ms\">\r\n    <div class=\"pxl-item--inner\">\r\n        \r\n                            <div class=\"pxl-item--icon\">\r\n                                    <svg xmlns=\"http:\/\/www.w3.org\/2000\/svg\" width=\"32\" height=\"32\" fill=\"#000000\" viewbox=\"0 0 256 256\"><path d=\"M128,64a40,40,0,1,0,40,40A40,40,0,0,0,128,64Zm0,64a24,24,0,1,1,24-24A24,24,0,0,1,128,128Zm0-112a88.1,88.1,0,0,0-88,88c0,31.4,14.51,64.68,42,96.25a254.19,254.19,0,0,0,41.45,38.3,8,8,0,0,0,9.18,0A254.19,254.19,0,0,0,174,200.25c27.45-31.57,42-64.85,42-96.25A88.1,88.1,0,0,0,128,16Zm0,206c-16.53-13-72-60.75-72-118a72,72,0,0,1,144,0C200,161.23,144.53,209,128,222Z\"><\/path><\/svg>                                <\/div>\r\n                        <div class=\"pxl-item--meta\">\r\n            <h5 class=\"pxl-item--title el-empty\">\r\n                        Address                        <\/h5>\r\n            <div class=\"pxl-item--description el-empty\">Kucukbakkalkoy District Defne Street Flora Residence No.1\/255 Atasehir\/Istanbul<\/div>\r\n        <\/div>\r\n    <\/div>\r\n<\/div>\t\t\t\t<\/div>\n\t\t\t\t<\/div>\n\t\t            <\/div>\r\n        <\/div>\r\n                <div class=\"elementor-column elementor-col-50 elementor-inner-column elementor-element elementor-element-baaac6d pxl-column-none pxl-column-overflow-hidden-no\" data-id=\"baaac6d\" data-element_type=\"column\">\r\n        <div class=\"elementor-widget-wrap elementor-element-populated\">\r\n                     \r\n        \t\t<div class=\"elementor-element elementor-element-f4c03f0 elementor-widget elementor-widget-pxl_icon_box\" data-id=\"f4c03f0\" data-element_type=\"widget\" data-widget_type=\"pxl_icon_box.default\">\n\t\t\t\t<div class=\"elementor-widget-container\">\n\t\t\t\t\t<div class=\"pxl-icon-box pxl-icon-box1 style-2 ani3\" data-wow-delay=\"ms\">\r\n    <div class=\"pxl-item--inner\">\r\n        \r\n                            <div class=\"pxl-item--icon\">\r\n                                    <svg xmlns=\"http:\/\/www.w3.org\/2000\/svg\" width=\"32\" height=\"32\" fill=\"#000000\" viewbox=\"0 0 256 256\"><path d=\"M168,112a8,8,0,0,1-8,8H96a8,8,0,0,1,0-16h64A8,8,0,0,1,168,112Zm-8,24H96a8,8,0,0,0,0,16h64a8,8,0,0,0,0-16Zm72-12A100.11,100.11,0,0,1,132,224H47.67A15.69,15.69,0,0,1,32,208.33V124a100,100,0,0,1,200,0Zm-16,0a84,84,0,0,0-168,0v84h84A84.09,84.09,0,0,0,216,124Z\"><\/path><\/svg>                                <\/div>\r\n                        <div class=\"pxl-item--meta\">\r\n            <h5 class=\"pxl-item--title el-empty\">\r\n                        Telephone                        <\/h5>\r\n            <div class=\"pxl-item--description el-empty\">Whatsapp: +90 (555) 555 5555<\/div>\r\n        <\/div>\r\n    <\/div>\r\n<\/div>\t\t\t\t<\/div>\n\t\t\t\t<\/div>\n\t\t            <\/div>\r\n        <\/div>\r\n        \t\t\t<\/div>\n\t\t<\/section>\n\t\t        <section class=\"elementor-section elementor-inner-section elementor-element elementor-element-2a824c8 elementor-section-boxed elementor-section-height-default elementor-section-height-default pxl-row-scroll-none pxl-zoom-point-false pxl-section-overflow-visible pxl-section-fix-none pxl-bg-color-none pxl-section-overlay-none\" data-id=\"2a824c8\" data-element_type=\"section\">\n\n                \n                <div class=\"elementor-container elementor-column-gap-default\">\n                <div class=\"elementor-column elementor-col-50 elementor-inner-column elementor-element elementor-element-79a36f7 pxl-column-none pxl-column-overflow-hidden-no\" data-id=\"79a36f7\" data-element_type=\"column\">\r\n        <div class=\"elementor-widget-wrap elementor-element-populated\">\r\n                     \r\n        \t\t<div class=\"elementor-element elementor-element-76e5d04 elementor-widget elementor-widget-pxl_icon_box\" data-id=\"76e5d04\" data-element_type=\"widget\" data-widget_type=\"pxl_icon_box.default\">\n\t\t\t\t<div class=\"elementor-widget-container\">\n\t\t\t\t\t<div class=\"pxl-icon-box pxl-icon-box1 style-2 ani3\" data-wow-delay=\"ms\">\r\n    <div class=\"pxl-item--inner\">\r\n        \r\n                            <div class=\"pxl-item--icon\">\r\n                                    <svg xmlns=\"http:\/\/www.w3.org\/2000\/svg\" width=\"32\" height=\"32\" fill=\"#000000\" viewbox=\"0 0 256 256\"><path d=\"M228.44,89.34l-96-64a8,8,0,0,0-8.88,0l-96,64A8,8,0,0,0,24,96V200a16,16,0,0,0,16,16H216a16,16,0,0,0,16-16V96A8,8,0,0,0,228.44,89.34ZM128,41.61l81.91,54.61-67,47.78H113.11l-67-47.78ZM40,200V111.53l65.9,47a8,8,0,0,0,4.65,1.49h34.9a8,8,0,0,0,4.65-1.49l65.9-47V200Z\"><\/path><\/svg>                                <\/div>\r\n                        <div class=\"pxl-item--meta\">\r\n            <h5 class=\"pxl-item--title el-empty\">\r\n                        E-mail                        <\/h5>\r\n            <div class=\"pxl-item--description el-empty\">info@nysconsulting.com.tr<\/div>\r\n        <\/div>\r\n    <\/div>\r\n<\/div>\t\t\t\t<\/div>\n\t\t\t\t<\/div>\n\t\t            <\/div>\r\n        <\/div>\r\n                <div class=\"elementor-column elementor-col-50 elementor-inner-column elementor-element elementor-element-7f20e2e pxl-column-none pxl-column-overflow-hidden-no\" data-id=\"7f20e2e\" data-element_type=\"column\">\r\n        <div class=\"elementor-widget-wrap elementor-element-populated\">\r\n                     \r\n        \t\t<div class=\"elementor-element elementor-element-e5b1bfd elementor-widget elementor-widget-pxl_icon_box\" data-id=\"e5b1bfd\" data-element_type=\"widget\" data-widget_type=\"pxl_icon_box.default\">\n\t\t\t\t<div class=\"elementor-widget-container\">\n\t\t\t\t\t<div class=\"pxl-icon-box pxl-icon-box1 style-2 ani3\" data-wow-delay=\"ms\">\r\n    <div class=\"pxl-item--inner\">\r\n        \r\n                            <div class=\"pxl-item--icon\">\r\n                                    <svg xmlns=\"http:\/\/www.w3.org\/2000\/svg\" width=\"32\" height=\"32\" fill=\"#000000\" viewbox=\"0 0 256 256\"><path d=\"M128,32a96,96,0,1,0,96,96A96.11,96.11,0,0,0,128,32Zm0,176a80,80,0,1,1,80-80A80.09,80.09,0,0,1,128,208ZM61.66,29.66l-32,32A8,8,0,0,1,18.34,50.34l32-32A8,8,0,1,1,61.66,29.66Zm176,32a8,8,0,0,1-11.32,0l-32-32a8,8,0,0,1,11.32-11.32l32,32A8,8,0,0,1,237.66,61.66ZM184,120a8,8,0,0,1,0,16H128a8,8,0,0,1-8-8V72a8,8,0,0,1,16,0v48Z\"><\/path><\/svg>                                <\/div>\r\n                        <div class=\"pxl-item--meta\">\r\n            <h5 class=\"pxl-item--title el-empty\">\r\n                        Working Hours                        <\/h5>\r\n            <div class=\"pxl-item--description el-empty\">Mon - Fri: 8.00 - 18.00<br>\nSat-Sun : Closed\n<\/div>\r\n        <\/div>\r\n    <\/div>\r\n<\/div>\t\t\t\t<\/div>\n\t\t\t\t<\/div>\n\t\t            <\/div>\r\n        <\/div>\r\n        \t\t\t<\/div>\n\t\t<\/section>\n\t\t            <\/div>\r\n        <\/div>\r\n                <div class=\"elementor-column elementor-col-50 elementor-top-column elementor-element elementor-element-37ed9cc pxl-column-overflow-hidden-yes pxl-column-none\" data-id=\"37ed9cc\" data-element_type=\"column\" data-settings=\"{&quot;background_background&quot;:&quot;classic&quot;}\">\r\n        <div class=\"elementor-widget-wrap elementor-element-populated\">\r\n                     \r\n        \t\t<div class=\"elementor-element elementor-element-e2e06fe elementor-widget elementor-widget-pxl_contact_form\" data-id=\"e2e06fe\" data-element_type=\"widget\" data-widget_type=\"pxl_contact_form.default\">\n\t\t\t\t<div class=\"elementor-widget-container\">\n\t\t\t\t\t    <div class=\"pxl-contact-form pxl-contact-form1 btn-w-auto\" data-wow-delay=\"ms\">\r\n        \n<div class=\"wpcf7 no-js\" id=\"wpcf7-f3283-o1\" lang=\"en-US\" dir=\"ltr\" data-wpcf7-id=\"3283\">\n<div class=\"screen-reader-response\"><p role=\"status\" aria-live=\"polite\" aria-atomic=\"true\"><\/p> <ul><\/ul><\/div>\n<form action=\"\/en\/wp-json\/wp\/v2\/pages\/12130#wpcf7-f3283-o1\" method=\"post\" class=\"wpcf7-form init cf7mls-no-scroll cf7mls-auto-return-first-step cf7mls-no-moving-animation\" aria-label=\"Contact form\" novalidate=\"novalidate\" data-status=\"init\" data-trp-original-action=\"\/en\/wp-json\/wp\/v2\/pages\/12130#wpcf7-f3283-o1\">\n<div style=\"display: none;\">\n<input type=\"hidden\" name=\"_wpcf7\" value=\"3283\" \/>\n<input type=\"hidden\" name=\"_wpcf7_version\" value=\"6.0.6\" \/>\n<input type=\"hidden\" name=\"_wpcf7_locale\" value=\"en_US\" \/>\n<input type=\"hidden\" name=\"_wpcf7_unit_tag\" value=\"wpcf7-f3283-o1\" \/>\n<input type=\"hidden\" name=\"_wpcf7_container_post\" value=\"0\" \/>\n<input type=\"hidden\" name=\"_wpcf7_posted_data_hash\" value=\"\" \/>\n<\/div>\n<div class=\"uacf7-form-wrapper-container uacf7-form-3283\"><div class=\"wrap-ctf-page single-sv wrap-form\">\n\t<div class=\"containter\">\n\t\t<div class=\"row\">\n\t\t\t<div class=\"input-filled col-xl-6 col-lg-6 col-md-6 col-sm-6 col-xs-12\">\n\t\t\t\t<span class=\"wpcf7-form-control-wrap your-name\">\n\t\t\t\t\t<span class=\"wpcf7-form-control-wrap\" data-name=\"your-name\"><input size=\"40\" maxlength=\"400\" class=\"wpcf7-form-control wpcf7-text wpcf7-validates-as-required\" aria-required=\"true\" aria-invalid=\"false\" placeholder=\"*Your Name\" value=\"\" type=\"text\" name=\"your-name\" \/><\/span>\n\t\t\t\t<\/span>\n\t\t\t<\/div>   \n\t\t\t<div class=\"input-filled col-xl-6 col-lg-6 col-md-6 col-sm-6 col-xs-12\">\n\t\t\t\t<span class=\"wpcf7-form-control-wrap your-email\">\n\t\t\t\t\t<span class=\"wpcf7-form-control-wrap\" data-name=\"your-email\"><input size=\"40\" maxlength=\"400\" class=\"wpcf7-form-control wpcf7-email wpcf7-validates-as-required wpcf7-text wpcf7-validates-as-email\" aria-required=\"true\" aria-invalid=\"false\" placeholder=\"*Your Email Address\" value=\"\" type=\"email\" name=\"your-email\" \/><\/span>\n\t\t\t\t<\/span>\n\t\t\t<\/div> \t\t\n\t\t\t<div class=\"input-filled col-xl-6 col-lg-6 col-md-12 col-sm-12 col-xs-12\">\n\t\t\t\t<span class=\"wpcf7-form-control-wrap your-phone\">\n\t\t\t\t\t<span class=\"wpcf7-form-control-wrap\" data-name=\"your-phone\"><input size=\"40\" maxlength=\"400\" class=\"wpcf7-form-control wpcf7-tel wpcf7-validates-as-required wpcf7-text wpcf7-validates-as-tel\" aria-required=\"true\" aria-invalid=\"false\" placeholder=\"*Your Phone Number\" value=\"\" type=\"tel\" name=\"your-phone\" \/><\/span>\n\t\t\t\t<\/span>\n\t\t\t<\/div>\n\t\t\t<div class=\"input-filled col-xl-6 col-lg-6 col-md-12 col-sm-12 col-xs-12\">\n\t\t\t\t<span class=\"wpcf7-form-control-wrap your-service\">\n\t\t\t\t\t<span class=\"wpcf7-form-control-wrap\" data-name=\"menu-516\"><select class=\"wpcf7-form-control wpcf7-select\" aria-invalid=\"false\" name=\"menu-516\"><option value=\"Bulundu\u011funuz Sekt\u00f6r?\">Which Sector are you in?<\/option><option value=\"Sanayi\">Industry<\/option><option value=\"Savunma Sanayi\">Defense Industry<\/option><option value=\"Otomotiv\">Automotive<\/option><option value=\"Sa\u011fl\u0131k\">Health<\/option><option value=\"Teknoloji\">Technology<\/option><option value=\"Enerji\">Energy<\/option><option value=\"Telekominikasyon\">Telecommunication<\/option><option value=\"G\u0131da\">Food<\/option><option value=\"Tar\u0131m\">Agriculture<\/option><option value=\"Kimya\">Chemistry<\/option><option value=\"Makine\">Machine<\/option><option value=\"\u0130n\u015faat\">Construction<\/option><option value=\"Di\u011fer\">Other<\/option><\/select><\/span>\n\t\t\t\t<\/span>\n\t\t\t<\/div>  \n    <div class=\"input-filled col-xl-12\">\n      <span class=\"wpcf7-form-control-wrap your-phone\"> <span class=\"wpcf7-form-control-wrap\" data-name=\"your-company\"><input size=\"40\" maxlength=\"400\" class=\"wpcf7-form-control wpcf7-text wpcf7-validates-as-required\" aria-required=\"true\" aria-invalid=\"false\" placeholder=\"*Company Name...\" value=\"\" type=\"text\" name=\"your-company\" \/><\/span> <\/span>\n    <\/div>\n\t\t\t<div class=\"input-filled col-xl-12\">\n\t\t\t\t<span class=\"wpcf7-form-control-wrap your-message\">\n\t\t\t\t\t<span class=\"wpcf7-form-control-wrap\" data-name=\"your-message\"><textarea cols=\"40\" rows=\"10\" maxlength=\"2000\" class=\"wpcf7-form-control wpcf7-textarea wpcf7-validates-as-required\" aria-required=\"true\" aria-invalid=\"false\" placeholder=\"*Your message...\" name=\"your-message\"><\/textarea><\/span>\n\t\t\t\t<\/span>\n\t\t\t<\/div>\n\n\t\t\t<div class=\"input-filled col-xl-12 d-flex\"> \n\t\t\t\t<button type=\"submit\" class=\"wpcf7-submit wpcf7-btn-abs\" > Submit <svg fill=\"none\" height=\"15\" viewbox=\"0 0 24 24\" width=\"17\" xmlns=\"http:\/\/www.w3.org\/2000\/svg\" id=\"fi_10322482\"><path d=\"m22.1012 10.5616-19.34831-9.43824c-.1664-.08117-.34912-.12336-.53427-.12336-.67302 0-1.21862.5456-1.21862 1.21862v.03517c0 .16352.02005.32643.05971.48507l1.85597 7.42384c.05069.2028.22214.3526.42986.3757l8.15756.9064c.2829.0314.4969.2705.4969.5552s-.214.5238-.4969.5552l-8.15756.9064c-.20772.0231-.37917.1729-.42986.3757l-1.85597 7.4238c-.03966.1587-.05971.3216-.05971.4851v.0352c0 .673.5456 1.2186 1.21862 1.2186.18515 0 .36787-.0422.53427-.1234l19.34831-9.4382c.5499-.2682.8988-.8265.8988-1.4384s-.3489-1.1702-.8988-1.4384z\" fill=\"rgb(0,0,0)\"><\/path><\/svg> <\/button>\n\t\t\t<\/div>\n\t\t<\/div>\n\t<\/div>\n<\/div><\/div><div class=\"wpcf7-response-output\" aria-hidden=\"true\"><\/div>\n<input type=\"hidden\" name=\"trp-form-language\" value=\"en\"\/><\/form>\n<\/div>\n    <\/div>\r\n\t\t\t\t<\/div>\n\t\t\t\t<\/div>\n\t\t\t\t<div class=\"elementor-element elementor-element-bd47d82 elementor-widget__width-auto elementor-absolute animated-slow elementor-invisible elementor-widget elementor-widget-pxl_icon\" data-id=\"bd47d82\" data-element_type=\"widget\" data-settings=\"{&quot;_position&quot;:&quot;absolute&quot;,&quot;_animation&quot;:&quot;fadeInUp&quot;}\" data-widget_type=\"pxl_icon.default\">\n\t\t\t\t<div class=\"elementor-widget-container\">\n\t\t\t\t\t    <div class=\"pxl-icon-list pxl-icon1  style-1\" data-wow-delay=\"ms\">\r\n                                    <a class=\"elementor-repeater-item-88a4282\" >\r\n                                        <svg xmlns=\"http:\/\/www.w3.org\/2000\/svg\" width=\"519\" height=\"519\" viewbox=\"0 0 519 519\"><defs><style>      .cls-1 {        fill: none;        stroke: #121c27;        stroke-width: 1px;        opacity: 0.15;      }    <\/style><\/defs><circle class=\"cls-1\" cx=\"259.5\" cy=\"259.5\" r=\"259\"><\/circle><\/svg>                                                        <\/a>\r\n                        <\/div>\r\n    \t\t\t\t<\/div>\n\t\t\t\t<\/div>\n\t\t\t\t<div class=\"elementor-element elementor-element-3b11111 elementor-widget__width-auto elementor-absolute animated-slow elementor-invisible elementor-widget elementor-widget-pxl_icon\" data-id=\"3b11111\" data-element_type=\"widget\" data-settings=\"{&quot;_position&quot;:&quot;absolute&quot;,&quot;_animation&quot;:&quot;fadeInRight&quot;}\" data-widget_type=\"pxl_icon.default\">\n\t\t\t\t<div class=\"elementor-widget-container\">\n\t\t\t\t\t    <div class=\"pxl-icon-list pxl-icon1  style-1\" data-wow-delay=\"ms\">\r\n                                    <a class=\"elementor-repeater-item-88a4282\" >\r\n                                        <svg xmlns=\"http:\/\/www.w3.org\/2000\/svg\" width=\"519\" height=\"519\" viewbox=\"0 0 519 519\"><defs><style>      .cls-1 {        fill: none;        stroke: #121c27;        stroke-width: 1px;        opacity: 0.15;      }    <\/style><\/defs><circle class=\"cls-1\" cx=\"259.5\" cy=\"259.5\" r=\"259\"><\/circle><\/svg>                                                        <\/a>\r\n                        <\/div>\r\n    \t\t\t\t<\/div>\n\t\t\t\t<\/div>\n\t\t            <\/div>\r\n        <\/div>\r\n        \t\t\t<\/div>\n\t\t<\/section>\n\t\t        <section class=\"elementor-section elementor-top-section elementor-element elementor-element-ff3ad1c elementor-section-full_width elementor-section-stretched elementor-section-height-default elementor-section-height-default pxl-row-scroll-none pxl-zoom-point-false pxl-section-overflow-visible pxl-section-fix-none pxl-full-content-with-space-none pxl-bg-color-none pxl-section-overlay-none\" data-id=\"ff3ad1c\" data-element_type=\"section\" data-settings=\"{&quot;stretch_section&quot;:&quot;section-stretched&quot;}\">\n\n                \n                <div class=\"elementor-container elementor-column-gap-default\">\n                <div class=\"elementor-column elementor-col-100 elementor-top-column elementor-element elementor-element-86b4f2d pxl-column-none pxl-column-overflow-hidden-no\" data-id=\"86b4f2d\" data-element_type=\"column\">\r\n        <div class=\"elementor-widget-wrap elementor-element-populated\">\r\n                     \r\n        \t\t<div class=\"elementor-element elementor-element-c16d223 elementor-widget elementor-widget-google_maps\" data-id=\"c16d223\" data-element_type=\"widget\" data-widget_type=\"google_maps.default\">\n\t\t\t\t<div class=\"elementor-widget-container\">\n\t\t\t\t\t\t\t<div class=\"elementor-custom-embed\">\n\t\t\t<iframe loading=\"lazy\"\n\t\t\t\t\tsrc=\"https:\/\/maps.google.com\/maps?q=Flora%20Residence&#038;t=m&#038;z=15&#038;output=embed&#038;iwloc=near\"\n\t\t\t\t\ttitle=\"Flora Residence\"\n\t\t\t\t\taria-label=\"Flora Residence\"\n\t\t\t><\/iframe>\n\t\t<\/div>\n\t\t\t\t\t\t<\/div>\n\t\t\t\t<\/div>\n\t\t            <\/div>\r\n        <\/div>\r\n        \t\t\t<\/div>\n\t\t<\/section>\n\t\t\t\t<\/div>","protected":false},"excerpt":{"rendered":"<p>\u0130leti\u015fim Bizimle \u0130leti\u015fime Ge\u00e7in Adres K\u00fc\u00e7\u00fckbakkalk\u00f6y Mah. Defne Sok. Flora Residence No.1\/255 Ata\u015fehir\/\u0130stanbul Telefon Whatsapp: +90 (555) 555 5555 Email info@nysconsulting.com.tr \u00c7al\u0131\u015fma Saatleri Pzt &#8211; Cum: 8.00 &#8211; 18.00 Cts-Paz : Kapal\u0131 Bulundu\u011funuz Sekt\u00f6r?SanayiSavunma SanayiOtomotivSa\u011fl\u0131kTeknolojiEnerjiTelekominikasyonG\u0131daTar\u0131mKimyaMakine\u0130n\u015faatDi\u011fer G\u00f6nder<\/p>","protected":false},"author":3,"featured_media":0,"parent":0,"menu_order":0,"comment_status":"closed","ping_status":"closed","template":"","meta":{"footnotes":""},"class_list":["post-12130","page","type-page","status-publish","hentry"],"_links":{"self":[{"href":"https:\/\/nysconsulting.com.tr\/en\/wp-json\/wp\/v2\/pages\/12130","targetHints":{"allow":["GET"]}}],"collection":[{"href":"https:\/\/nysconsulting.com.tr\/en\/wp-json\/wp\/v2\/pages"}],"about":[{"href":"https:\/\/nysconsulting.com.tr\/en\/wp-json\/wp\/v2\/types\/page"}],"author":[{"embeddable":true,"href":"https:\/\/nysconsulting.com.tr\/en\/wp-json\/wp\/v2\/users\/3"}],"replies":[{"embeddable":true,"href":"https:\/\/nysconsulting.com.tr\/en\/wp-json\/wp\/v2\/comments?post=12130"}],"version-history":[{"count":16,"href":"https:\/\/nysconsulting.com.tr\/en\/wp-json\/wp\/v2\/pages\/12130\/revisions"}],"predecessor-version":[{"id":13039,"href":"https:\/\/nysconsulting.com.tr\/en\/wp-json\/wp\/v2\/pages\/12130\/revisions\/13039"}],"wp:attachment":[{"href":"https:\/\/nysconsulting.com.tr\/en\/wp-json\/wp\/v2\/media?parent=12130"}],"curies":[{"name":"wp","href":"https:\/\/api.w.org\/{rel}","templated":true}]}}